{"id":3077,"date":"2023-03-22T19:25:48","date_gmt":"2023-03-22T19:25:48","guid":{"rendered":"https:\/\/bachuecosmetics.com\/?post_type=product&#038;p=3077"},"modified":"2025-09-03T10:03:44","modified_gmt":"2025-09-03T10:03:44","slug":"anti-aging-triple-restore-day-cream","status":"publish","type":"product","link":"https:\/\/bachuecosmetics.com\/es\/producto\/anti-aging-triple-restore-day-cream\/","title":{"rendered":"CREMA DE D\u00cdA ANTIEDAD TRIPLE RESTAURACI\u00d3N"},"content":{"rendered":"<p>La crema hidratante facial ligera y no grasa deja la piel suave e hidratada, al tiempo que ayuda a combatir los efectos visibles de la degradaci\u00f3n del col\u00e1geno y la p\u00e9rdida de hidrataci\u00f3n.<\/p>\n<h4><strong><u>Modo de empleo:<\/u><\/strong><\/h4>\n<p>Todos los d\u00edas por la ma\u00f1ana, despu\u00e9s de limpiar el rostro, toma una peque\u00f1a cantidad de crema y, con la punta de los dedos, masajea cuidadosamente la piel, empezando por el centro del rostro hacia el exterior. Realiza peque\u00f1os movimientos circulares para que la crema penetre en la piel y estimule las c\u00e9lulas cut\u00e1neas. No olvides aplicarla tambi\u00e9n en el cuello y el escote.<\/p>\n<h4><strong><u>Declaraci\u00f3n de ingredientes <\/u><\/strong><\/h4>\n<p>Agua, Carb\u00f3mero, Estearato de Glicerilo, Alcohol Cetear\u00edlico, \u00c1cido Este\u00e1rico, Glutamato de Sodio Cocoyl, L-piroglutamato de Sodio PCA, C12-15 Alquil Benzoato, Dimeticona, Glicerina, Alcohol Cet\u00edlico, Palmitato de Isopropilo, Propilenglicol, Acetato de Vitamina E DL-Alfa Tocoferil, Extracto de Hoja de Aloe Barbadensis, Extracto de Fruta de Cucumis Sativus (Pepino), Manteca de Karit\u00e9, Butyrospermum Parkii, Aceite de Carthamus Tinctorious (C\u00e1rtamo Alto Oleico), Aceite de Moringa, Glyoxyldiureide de Alanto\u00edna, Extracto de Hoja de Rosmarinus Officinalis (Romero), Extracto de Chinchona Calisaya (Quina), Extracto de Aesculus Hippocastus, Extracto de Aloe Vera, Extracto de Aloe Vera, Extracto de Semilla de Aesculus Hippocastanum (Casta\u00f1o de Indias), Extracto de Flor de Arnica Montana, Extracto de Hoja de Symphytum Officinale (Confrei), Extracto de Hoja de Pilocarpus Pennatifolius, Extracto de Flor de Chamomilla Recutita (Matricaria), Prote\u00edna de Trigo Hidrolizada, Prote\u00edna de Soja Hidrolizada, y Extracto de Harina de Avena Sativa (Avena), Vitamina C \u00c1cido etil-asc\u00f3rbico, \u00c1cido 3-O-etil-L-asc\u00f3rbico, Fenoxietanol, Etilhexilglicerina, Trietanolamina, Etilhexilglicerina, Fenoxietanol, Carb\u00f3mero, Aceite de Fruta Olea Europaea (Oliva), Copol\u00edmero de Acrilamida\/Acrilato de Sodio; Paraffinum Liquidum; Trideceth 6, Polisorbato, Aceite de Prunus Amygdalus Dulcis (Almendra Dulce), Aceite de Gossypium Herbaceum (Semilla de Algod\u00f3n), Goma Xantana, \u00c1cido Tetras\u00f3dico EDTA, \u00c1cido Hialur\u00f3nico, Aceite de Astaxantina.<\/p>\n<h4><strong><u>Declaraciones de advertencia: <\/u><\/strong><\/h4>\n<p><strong>S\u00f3lo para uso externo. Mantener fuera del alcance de los ni\u00f1os. Evitar el contacto con los ojos o las mucosas. En caso de contacto, aclarar con abundante agua.<\/strong> S\u00f3lo para uso externo. Mantener fuera del alcance de los ni\u00f1os. Evitar el contacto con los ojos o las mucosas. En caso de contacto, aclarar con abundante agua.<\/p>","protected":false},"excerpt":{"rendered":"<ul>\n<li>\u00c1cido hialur\u00f3nico<\/li>\n<li>Vitamina C<\/li>\n<\/ul>","protected":false},"featured_media":2901,"comment_status":"open","ping_status":"closed","template":"","meta":{"_monsterinsights_skip_tracking":false,"_monsterinsights_sitenote_active":false,"_monsterinsights_sitenote_note":"","_monsterinsights_sitenote_category":0},"product_cat":[56],"product_tag":[],"aioseo_notices":[],"_links":{"self":[{"href":"https:\/\/bachuecosmetics.com\/es\/wp-json\/wp\/v2\/product\/3077"}],"collection":[{"href":"https:\/\/bachuecosmetics.com\/es\/wp-json\/wp\/v2\/product"}],"about":[{"href":"https:\/\/bachuecosmetics.com\/es\/wp-json\/wp\/v2\/types\/product"}],"replies":[{"embeddable":true,"href":"https:\/\/bachuecosmetics.com\/es\/wp-json\/wp\/v2\/comments?post=3077"}],"wp:featuredmedia":[{"embeddable":true,"href":"https:\/\/bachuecosmetics.com\/es\/wp-json\/wp\/v2\/media\/2901"}],"wp:attachment":[{"href":"https:\/\/bachuecosmetics.com\/es\/wp-json\/wp\/v2\/media?parent=3077"}],"wp:term":[{"taxonomy":"product_cat","embeddable":true,"href":"https:\/\/bachuecosmetics.com\/es\/wp-json\/wp\/v2\/product_cat?post=3077"},{"taxonomy":"product_tag","embeddable":true,"href":"https:\/\/bachuecosmetics.com\/es\/wp-json\/wp\/v2\/product_tag?post=3077"}],"curies":[{"name":"wp","href":"https:\/\/api.w.org\/{rel}","templated":true}]}}