{"id":2932,"date":"2023-02-28T22:18:25","date_gmt":"2023-02-28T22:18:25","guid":{"rendered":"https:\/\/bachuecosmetics.com\/?post_type=product&#038;p=2932"},"modified":"2026-03-29T11:37:00","modified_gmt":"2026-03-29T11:37:00","slug":"hyaluronic-serum","status":"publish","type":"product","link":"https:\/\/bachuecosmetics.com\/es\/producto\/hyaluronic-serum\/","title":{"rendered":"SUERO HIALUR\u00d3NICO"},"content":{"rendered":"<p>Un avanzado suero facial hidratante antienvejecimiento para todo tipo de pieles con inductor prebi\u00f3tico protector de la microbiota y ceramidas junto con vitamina C B3 y E.<\/p>\n<p>Cuidado de la piel con un toque especial. Formulado con la m\u00e1xima potencia para una piel visiblemente m\u00e1s rellena, firme e hidratada. Gracias al PCA s\u00f3dico y al \u00e1cido hialur\u00f3nico, que capturan la humedad, se consigue una hidrataci\u00f3n Double-Lock. Este suero sedoso y ligero combina factores de juventud esenciales. El \u00e1cido hialur\u00f3nico absorbe la hidrataci\u00f3n y las ceramidas, que fortalecen la piel, la retienen.<\/p>\n<p>&nbsp;<\/p>\n<h4><strong>Beneficios clave:<\/strong><\/h4>\n<p>Aporta volumen para un aspecto m\u00e1s joven<\/p>\n<p>Reafirma y redefine visiblemente el contorno facial<\/p>\n<p>Hidrata y acondiciona la piel para que luzca radiante<\/p>\n<p>Alisa y suaviza el aspecto y el tacto de la piel<\/p>\n<p>Ayuda a proteger contra la p\u00e9rdida de humedad y los radicales libres gracias a la vitamina C<\/p>\n<p><strong>\u00a0<\/strong><\/p>\n<h4><strong><u>Modo de empleo:<\/u><\/strong><\/h4>\n<p>Despu\u00e9s de limpiar el rostro y el cuello, y con la piel a\u00fan h\u00fameda, aplica un par de gotas en el rostro y el cuello con las palmas de las manos.<\/p>\n<p>No olvides aplicar una crema hidratante inmediatamente despu\u00e9s para sellar toda esa hidrataci\u00f3n.<\/p>\n<p>Por la ma\u00f1ana y por la noche, util\u00edcelo para potenciar la capacidad natural de su piel para producir \u00e1cido hialur\u00f3nico.<\/p>\n<p>&nbsp;<\/p>\n<h4><strong><u>Declaraci\u00f3n de ingredientes <\/u><\/strong><\/h4>\n<p>Agua, vitamina B3 como niacinamida, vitamina C como \u00e1cido etil-asc\u00f3rbico, \u00e1cido 3-O-etil-L-asc\u00f3rbico, L-piroglutamato s\u00f3dico, glicerina, \u00e1cido hialur\u00f3nico, oligosac\u00e1rido de alfa-glucano, propilenglicol, mezcla de polidimetilsiloxano y silicona, Polisorbato, Ceramida EOP, Ceramida NS, Ceramida NP, Ceramida AS, Ceramida AP, Colesterol, Lecitina hidrogenada, Estearato de glicerilo, Diestearato de sacarosa, Hexilenglicol, Aceite de ricino hidrogenado PEG-25, Aceite de ricino hidrogenado PEG-40, Benzoato S\u00f3dico, Goma Xantana, Extracto de Hoja de Rosmarinus Officinalis (Romero), Extracto de Chinchona Calisaya (Quina), Extracto de Semilla de Aesculus Hippocastanum (Casta\u00f1o de Indias), Extracto de Flor de \u00c1rnica Montana, Extracto de Hoja de Symphytum Officinale (Confrei), extracto de hoja de Pilocarpus Pennatifolius, extracto de flor de Chamomilla Recutita (Matricaria), vitamina E como DL-alfa tocoferil acetato, aceite de moringa, fragancia, aceite de astaxantina, metilcloroisotiazolinona, metilisotiazolinona.<\/p>\n<p>&nbsp;<\/p>\n<h4><strong><u>Declaraciones de advertencia: <\/u><\/strong><\/h4>\n<p><strong>S\u00f3lo para uso externo. Mantener fuera del alcance de los ni\u00f1os. Evitar el contacto con los ojos o las mucosas. En caso de contacto, aclarar con abundante agua.<\/strong> S\u00f3lo para uso externo. Mantener fuera del alcance de los ni\u00f1os. Evitar el contacto con los ojos o las mucosas. En caso de contacto, aclarar con abundante agua.<\/p>","protected":false},"excerpt":{"rendered":"<ul>\n<li>Vitamina B3 y ceramidas<\/li>\n<\/ul>","protected":false},"featured_media":2922,"comment_status":"open","ping_status":"closed","template":"","meta":{"_monsterinsights_skip_tracking":false,"_monsterinsights_sitenote_active":false,"_monsterinsights_sitenote_note":"","_monsterinsights_sitenote_category":0},"product_cat":[56],"product_tag":[],"aioseo_notices":[],"_links":{"self":[{"href":"https:\/\/bachuecosmetics.com\/es\/wp-json\/wp\/v2\/product\/2932"}],"collection":[{"href":"https:\/\/bachuecosmetics.com\/es\/wp-json\/wp\/v2\/product"}],"about":[{"href":"https:\/\/bachuecosmetics.com\/es\/wp-json\/wp\/v2\/types\/product"}],"replies":[{"embeddable":true,"href":"https:\/\/bachuecosmetics.com\/es\/wp-json\/wp\/v2\/comments?post=2932"}],"wp:featuredmedia":[{"embeddable":true,"href":"https:\/\/bachuecosmetics.com\/es\/wp-json\/wp\/v2\/media\/2922"}],"wp:attachment":[{"href":"https:\/\/bachuecosmetics.com\/es\/wp-json\/wp\/v2\/media?parent=2932"}],"wp:term":[{"taxonomy":"product_cat","embeddable":true,"href":"https:\/\/bachuecosmetics.com\/es\/wp-json\/wp\/v2\/product_cat?post=2932"},{"taxonomy":"product_tag","embeddable":true,"href":"https:\/\/bachuecosmetics.com\/es\/wp-json\/wp\/v2\/product_tag?post=2932"}],"curies":[{"name":"wp","href":"https:\/\/api.w.org\/{rel}","templated":true}]}}