{"id":251,"date":"2021-07-30T07:26:51","date_gmt":"2021-07-30T07:26:51","guid":{"rendered":"https:\/\/demoapus2.com\/oworganic\/?post_type=product&#038;p=251"},"modified":"2026-05-02T04:19:48","modified_gmt":"2026-05-02T04:19:48","slug":"body-lotion","status":"publish","type":"product","link":"https:\/\/bachuecosmetics.com\/es\/producto\/body-lotion\/","title":{"rendered":"LOCI\u00d3N CORPORAL"},"content":{"rendered":"<p>Loci\u00f3n corporal rica y no grasa que hidrata la piel seca y ayuda a mejorar su textura.<\/p>\n<p>Deja la piel suave, tersa y maravillosamente hidratada.<\/p>\n<p>Para todo tipo de pieles, incluidas las sensibles y las especialmente secas<\/p>\n<h4><strong><u>Modo de empleo:<\/u><\/strong><\/h4>\n<p>Echar una peque\u00f1a cantidad en la mano (m\u00e1s si la piel est\u00e1 especialmente seca o en zonas m\u00e1s \u00e1speras como codos y rodillas).<\/p>\n<p>Masajear suavemente con las palmas de las manos en el cuerpo con peque\u00f1os movimientos circulares.<\/p>\n<p>Repite hasta que hayas cubierto todo el cuerpo.<\/p>\n<p>Esperar unos 5 minutos antes de vestirse.<\/p>\n<p>Aplica despu\u00e9s del ba\u00f1o o la ducha o en cualquier momento, tantas veces como sea necesario.<\/p>\n<p>&nbsp;<\/p>\n<h4><strong><u>Declaraci\u00f3n de ingredientes <\/u><\/strong><\/h4>\n<p>Aqua, Glicerina, Aceite Mineral, Palmitato de Isopropilo, Aceite de Semilla de Algod\u00f3n, Propilenglicol, Dimeticona, Manteca de Karit\u00e9, Butyrospermum Parkii, Manteca Vegetal, Aceite de Moringa, Vitamina E Tocoferol Aceitate, Extracto de Aloe Vera, Carb\u00f3mero, Trietanolamina, Aceite de Oliva, Copol\u00edmero de Acrilamida\/Acrilato de Sodio, Paraffinum Liquidum, Trideceth 6, Estearato de Glicerilo, Alcohol Cetear\u00edlico, \u00c1cido Este\u00e1rico, Glutamato de Sodio Cocoyl, Goma Xantana, Metilcloroisotiazolinona, Metilisotiazolinona, Aceite de Almendras Dulces, Polisorbato, Versene, Aceite de Astaxantina.<\/p>\n<p>&nbsp;<\/p>\n<h4><strong><u>Declaraciones de advertencia: <\/u><\/strong><\/h4>\n<p><strong>S\u00f3lo para uso externo. Mantener fuera del alcance de los ni\u00f1os. Evitar el contacto con los ojos o las mucosas. En caso de contacto, aclarar con abundante agua.<\/strong> S\u00f3lo para uso externo. Mantener fuera del alcance de los ni\u00f1os. Evitar el contacto con los ojos o las mucosas. En caso de contacto, aclarar con abundante agua.<\/p>","protected":false},"excerpt":{"rendered":"<ul>\n<li>Vitamina E<\/li>\n<li>Aceite de Moringa<\/li>\n<li>Aceite de astaxantina<\/li>\n<\/ul>","protected":false},"featured_media":2918,"comment_status":"open","ping_status":"closed","template":"","meta":{"_monsterinsights_skip_tracking":false,"_monsterinsights_sitenote_active":false,"_monsterinsights_sitenote_note":"","_monsterinsights_sitenote_category":0},"product_cat":[56],"product_tag":[],"aioseo_notices":[],"_links":{"self":[{"href":"https:\/\/bachuecosmetics.com\/es\/wp-json\/wp\/v2\/product\/251"}],"collection":[{"href":"https:\/\/bachuecosmetics.com\/es\/wp-json\/wp\/v2\/product"}],"about":[{"href":"https:\/\/bachuecosmetics.com\/es\/wp-json\/wp\/v2\/types\/product"}],"replies":[{"embeddable":true,"href":"https:\/\/bachuecosmetics.com\/es\/wp-json\/wp\/v2\/comments?post=251"}],"wp:featuredmedia":[{"embeddable":true,"href":"https:\/\/bachuecosmetics.com\/es\/wp-json\/wp\/v2\/media\/2918"}],"wp:attachment":[{"href":"https:\/\/bachuecosmetics.com\/es\/wp-json\/wp\/v2\/media?parent=251"}],"wp:term":[{"taxonomy":"product_cat","embeddable":true,"href":"https:\/\/bachuecosmetics.com\/es\/wp-json\/wp\/v2\/product_cat?post=251"},{"taxonomy":"product_tag","embeddable":true,"href":"https:\/\/bachuecosmetics.com\/es\/wp-json\/wp\/v2\/product_tag?post=251"}],"curies":[{"name":"wp","href":"https:\/\/api.w.org\/{rel}","templated":true}]}}