{"id":250,"date":"2021-07-30T07:24:59","date_gmt":"2021-07-30T07:24:59","guid":{"rendered":"https:\/\/demoapus2.com\/oworganic\/?post_type=product&#038;p=250"},"modified":"2025-08-19T21:41:50","modified_gmt":"2025-08-19T21:41:50","slug":"anti-aging-triple-restore-night-cream","status":"publish","type":"product","link":"https:\/\/bachuecosmetics.com\/es\/producto\/anti-aging-triple-restore-night-cream\/","title":{"rendered":"CREMA DE NOCHE ANTIEDAD TRIPLE RESTAURACI\u00d3N"},"content":{"rendered":"<p>Restaura los l\u00edpidos principales de la piel, rellena los l\u00edpidos celulares y nutre la piel.<\/p>\n<p>Triple Lipid Restore es una f\u00f3rmula correctora antienvejecimiento con l\u00edpidos esenciales con ceramidas puras, colesterol natural, \u00e1cidos grasos junto con el poder de vitaminas y minerales esenciales como CoQ10, Solastin EPH, Col\u00e1geno creando una f\u00f3rmula \u00fanica para una potente crema restauradora antienvejecimiento. Restaura la barrera de hidrataci\u00f3n de la piel, favorece los procesos naturales de reparaci\u00f3n y corrige los signos del envejecimiento. El resultado es una mejora de la elasticidad, los niveles de hidrataci\u00f3n y la luminosidad, dejando la piel flexible, sana y radiante.<\/p>\n<h4><strong><u>Modo de empleo:<\/u><\/strong><\/h4>\n<p>Todos los d\u00edas por la noche, despu\u00e9s de limpiar el rostro, toma una peque\u00f1a cantidad de crema y, con la punta de los dedos, masajea cuidadosamente la piel, empezando por el centro del rostro hacia el exterior. Realiza peque\u00f1os movimientos circulares para que la crema penetre en la piel y estimule las c\u00e9lulas cut\u00e1neas. No olvides aplicarla tambi\u00e9n en el cuello y el escote.<\/p>\n<h4><strong><u>Declaraci\u00f3n de ingredientes <\/u><\/strong><\/h4>\n<p>Agua, estearato de glicerilo, alcohol cetear\u00edlico, \u00e1cido este\u00e1rico, glutamato de sodio cocoil, dimeticona, palmitato de isopropilo, ceramida EOP, ceramida NS, ceramida NP, ceramida AS, ceramida AP, colesterol, lecitina hidrogenada, estearato de glicerilo, Diestearato de sacarosa, propilenglicol, glicerina, aceite de semilla de Vitis vinifera (uva), elastina hidrolizada, acetato de DL-alfa tocoferilo de vitamina E, extracto de hoja de Ruta graveolens, extracto de semilla de Aesculus hippocastanum (casta\u00f1o de indias), extracto de hoja de Ginkgo biloba, Alcohol, Propilenglicol, Polisorbato, Propilenglicol, Col\u00e1geno Hidrolizado, Lecitina L\u00edquida, Aceite de Gossypium Herbaceum (Semilla de Algod\u00f3n), Copol\u00edmero de Acrilamida\/Acrilato de Sodio, Paraffinum Liquidum, Trideceth 6, Extracto de Hoja de Aloe Barbadensis, Cucumis Sativus (Pepino) Fruit Ext, Carthamus Tinctorious (C\u00e1rtamo Alto Oleico) Aceite, Aceite de Moringa, Tetrasodio EDTA, Trietanolamina, Coenzima Q10, Aceite de Astaxantina, Methylchloroisothiazolinone, Methylisothiazolinone.<\/p>\n<p>&nbsp;<\/p>\n<h4><strong><u>Declaraciones de advertencia: <\/u><\/strong><\/h4>\n<p><strong>S\u00f3lo para uso externo. Mantener fuera del alcance de los ni\u00f1os. Evitar el contacto con los ojos o las mucosas. En caso de contacto, aclarar con abundante agua.<\/strong> S\u00f3lo para uso externo. Mantener fuera del alcance de los ni\u00f1os. Evitar el contacto con los ojos o las mucosas. En caso de contacto, aclarar con abundante agua.<\/p>","protected":false},"excerpt":{"rendered":"<ul>\n<li>Q10 y ceramidas<\/li>\n<li>Col\u00e1geno y elastina<\/li>\n<\/ul>","protected":false},"featured_media":2921,"comment_status":"open","ping_status":"closed","template":"","meta":{"_monsterinsights_skip_tracking":false,"_monsterinsights_sitenote_active":false,"_monsterinsights_sitenote_note":"","_monsterinsights_sitenote_category":0},"product_cat":[56],"product_tag":[],"aioseo_notices":[],"_links":{"self":[{"href":"https:\/\/bachuecosmetics.com\/es\/wp-json\/wp\/v2\/product\/250"}],"collection":[{"href":"https:\/\/bachuecosmetics.com\/es\/wp-json\/wp\/v2\/product"}],"about":[{"href":"https:\/\/bachuecosmetics.com\/es\/wp-json\/wp\/v2\/types\/product"}],"replies":[{"embeddable":true,"href":"https:\/\/bachuecosmetics.com\/es\/wp-json\/wp\/v2\/comments?post=250"}],"wp:featuredmedia":[{"embeddable":true,"href":"https:\/\/bachuecosmetics.com\/es\/wp-json\/wp\/v2\/media\/2921"}],"wp:attachment":[{"href":"https:\/\/bachuecosmetics.com\/es\/wp-json\/wp\/v2\/media?parent=250"}],"wp:term":[{"taxonomy":"product_cat","embeddable":true,"href":"https:\/\/bachuecosmetics.com\/es\/wp-json\/wp\/v2\/product_cat?post=250"},{"taxonomy":"product_tag","embeddable":true,"href":"https:\/\/bachuecosmetics.com\/es\/wp-json\/wp\/v2\/product_tag?post=250"}],"curies":[{"name":"wp","href":"https:\/\/api.w.org\/{rel}","templated":true}]}}