{"id":247,"date":"2021-07-30T07:23:08","date_gmt":"2021-07-30T07:23:08","guid":{"rendered":"https:\/\/demoapus2.com\/oworganic\/?post_type=product&#038;p=247"},"modified":"2025-08-23T04:25:04","modified_gmt":"2025-08-23T04:25:04","slug":"gentle-facial-foam-cleanser","status":"publish","type":"product","link":"https:\/\/bachuecosmetics.com\/es\/producto\/gentle-facial-foam-cleanser\/","title":{"rendered":"Espuma limpiadora facial suave"},"content":{"rendered":"<p>Una espuma limpiadora profundamente purificante que elimina suavemente las impurezas diarias respetando el equilibrio de hidrataci\u00f3n de la piel. Su innovadora f\u00f3rmula contiene una serie de extractos de hierbas que pueden ayudar a aumentar la circulaci\u00f3n sangu\u00ednea de la piel, mientras que la moringa, la vitamina C y la astaxantina nutren la piel.<\/p>\n<h4><strong><u>Modo de empleo:<\/u><\/strong><\/h4>\n<p>Humedece el rostro con agua tibia y aplica 1 \u00f3 2 pulsaciones de mousse. Masajea suavemente con movimientos circulares ascendentes durante varios segundos y, a continuaci\u00f3n, aclara con agua tibia y secar el rostro dando golpecitos.<\/p>\n<h4><strong><u>Declaraci\u00f3n de ingredientes <\/u><\/strong><\/h4>\n<p>Agua, sulfonato de sodio C14-16 olefina, cocoamidopropil beta\u00edna, cocamida MEA, glicerina, propilenglicol, extracto de semilla de uva, vitamina C \u00e1cido etil-asc\u00f3rbico, \u00e1cido 3-O-etil-L-asc\u00f3rbico, Polyquaternium7, fragancia, metilcloroisotiazolinona, Methylisothiazolinone, \u00c1cido salic\u00edlico, Acethylmethionate de Zinc, Aloe Vera, L\u00fapulo, Pepino, Lima, Elastina Hidrolizada, Col\u00e1geno Hidrolizado, Tetrasodium EDTA, Extracto de Hibiscus, Hoja de T\u00e9 Verde, Aceite de Moringa, Aloe Vera Ext., Ext. de Gracilaria, Miel, Ext. de Cal\u00e9ndula, Ext. de Papaya, Ext. de Kiwi, Ext. de Almendra Dulce, Astaxantina<\/p>\n<h4><strong><u>Declaraciones de advertencia: <\/u><\/strong><\/h4>\n<p><strong>S\u00f3lo para uso externo. Mantener fuera del alcance de los ni\u00f1os. Evitar el contacto con los ojos o las mucosas. En caso de contacto, aclarar con abundante agua.<\/strong> S\u00f3lo para uso externo. Mantener fuera del alcance de los ni\u00f1os. Evitar el contacto con los ojos o las mucosas. En caso de contacto, aclarar con abundante agua.<\/p>","protected":false},"excerpt":{"rendered":"<ul>\n<li>Vitamina C<\/li>\n<li>Moringa<\/li>\n<li>Astaxanthin<\/li>\n<\/ul>","protected":false},"featured_media":2919,"comment_status":"open","ping_status":"closed","template":"","meta":{"_monsterinsights_skip_tracking":false,"_monsterinsights_sitenote_active":false,"_monsterinsights_sitenote_note":"","_monsterinsights_sitenote_category":0},"product_cat":[56],"product_tag":[],"aioseo_notices":[],"_links":{"self":[{"href":"https:\/\/bachuecosmetics.com\/es\/wp-json\/wp\/v2\/product\/247"}],"collection":[{"href":"https:\/\/bachuecosmetics.com\/es\/wp-json\/wp\/v2\/product"}],"about":[{"href":"https:\/\/bachuecosmetics.com\/es\/wp-json\/wp\/v2\/types\/product"}],"replies":[{"embeddable":true,"href":"https:\/\/bachuecosmetics.com\/es\/wp-json\/wp\/v2\/comments?post=247"}],"wp:featuredmedia":[{"embeddable":true,"href":"https:\/\/bachuecosmetics.com\/es\/wp-json\/wp\/v2\/media\/2919"}],"wp:attachment":[{"href":"https:\/\/bachuecosmetics.com\/es\/wp-json\/wp\/v2\/media?parent=247"}],"wp:term":[{"taxonomy":"product_cat","embeddable":true,"href":"https:\/\/bachuecosmetics.com\/es\/wp-json\/wp\/v2\/product_cat?post=247"},{"taxonomy":"product_tag","embeddable":true,"href":"https:\/\/bachuecosmetics.com\/es\/wp-json\/wp\/v2\/product_tag?post=247"}],"curies":[{"name":"wp","href":"https:\/\/api.w.org\/{rel}","templated":true}]}}